{"id":2299,"date":"2023-09-20T06:52:13","date_gmt":"2023-09-20T06:52:13","guid":{"rendered":"https:\/\/thepositivefashionclub.com\/?page_id=2299"},"modified":"2024-07-18T10:17:42","modified_gmt":"2024-07-18T10:17:42","slug":"declaracion-de-accesibilidad","status":"publish","type":"page","link":"https:\/\/thepositivefashionclub.com\/es\/declaracion-de-accesibilidad\/","title":{"rendered":"Declaraci\u00f3n de Accesibilidad"},"content":{"rendered":"\n<p>EL CLUB DE LA MODA POSITIVA se ha comprometido a hacer accesibles sus sitios web de conformidad con el&nbsp;<a href=\"https:\/\/www.boe.es\/buscar\/act.php?id=BOE-A-2018-12699\" target=\"_blank\" rel=\"noreferrer noopener\">Real Decreto 1112\/2018, de 7 de septiembre<\/a>, sobre accesibilidad de los sitios web y aplicaciones para dispositivos m\u00f3viles del sector p\u00fablico (en adelante, Real Decreto 1112\/2018, de 7 de septiembre).<\/p>\n\n\n\n<p>La presente declaraci\u00f3n de accesibilidad se aplica al sitio web&nbsp;<a href=\"https:\/\/thepositivefashionclub.com\/\">https:\/\/elclubdelamodapositiva.com<\/a> los subdominios de este sitio web tendr\u00e1n sus propias declaraciones de accesibilidad).<\/p>\n\n\n\n<h2 class=\"wp-block-heading\">Situaci\u00f3n de cumplimiento<\/h2>\n\n\n\n<p>Este sitio web es totalmente conforme con el Real Decreto 1112\/2018, de 7 de septiembre, debido a la falta de conformidad de los aspectos que se indican a continuaci\u00f3n.<\/p>\n\n\n\n<h2 class=\"wp-block-heading\">Contenido no accesible<\/h2>\n\n\n\n<p>El contenido que se recoge a continuaci\u00f3n no es accesible por lo siguiente:<\/p>\n\n\n\n<ul class=\"wp-block-list\">\n<li>Falta de conformidad con el Real Decreto 1112\/2018, de 7 de septiembre: podr\u00edan existir fallos puntuales de edici\u00f3n en alguna p\u00e1gina web, tanto en contenidos HTML como en documentos finales, publicados en fecha posterior al 20 de septiembre de 2018 (fecha de entrada en vigor del Real Decreto 1112\/2018, de 7 de septiembre).<\/li>\n\n\n\n<li>Concretamente puede haber errores en aquellos documentos que contienen gr\u00e1ficos, tablas complejas o en aquellos firmados electr\u00f3nicamente antes de su revisi\u00f3n de accesibilidad.<\/li>\n<\/ul>\n\n\n\n<h2 class=\"wp-block-heading\">Carga desproporcionada<\/h2>\n\n\n\n<p>No aplica<\/p>\n\n\n\n<h2 class=\"wp-block-heading\">Preparaci\u00f3n de la presente declaraci\u00f3n de accesibilidad<\/h2>\n\n\n\n<p>La presente declaraci\u00f3n fue preparada el 20 de Septiembre de 2023<\/p>\n\n\n\n<p>El m\u00e9todo empleado para preparar la declaraci\u00f3n ha sido una autoevaluaci\u00f3n llevada por WABI DISE\u00d1O CREATIVO COOP V.<\/p>\n\n\n\n<p>\u00daltima revisi\u00f3n de la declaraci\u00f3n: 18 de Julio de 2024.<\/p>\n\n\n\n<h2 class=\"wp-block-heading\">Observaciones y datos de contacto<\/h2>\n\n\n\n<p>Puede realizar comunicaciones sobre requisitos de accesibilidad (art\u00edculo 10.2.a) del Real Decreto 1112\/2018, de 7 de septiembre) como, por ejemplo:<\/p>\n\n\n\n<ul class=\"wp-block-list\">\n<li>Informar sobre cualquier posible incumplimiento por parte de este sitio web.<\/li>\n\n\n\n<li>Transmitir otras dificultades de acceso al contenido.<\/li>\n\n\n\n<li>Formular cualquier otra consulta o sugerencia de mejora relativa a la accesibilidad del sitio web.<\/li>\n<\/ul>\n\n\n\n<p>A trav\u00e9s de las siguientes v\u00edas:<\/p>\n\n\n\n<ul class=\"wp-block-list\">\n<li>Correo electr\u00f3nico:&nbsp;<a href=\"mailto:sonja@elclubdelamodapositiva.com\">sonja@elclubdelamodapositiva.com<\/a><\/li>\n<\/ul>\n\n\n\n<p>Tambi\u00e9n puede solicitar en formato accesible informaci\u00f3n que no cumpla con los requisitos de accesibilidad bien por estar excluida, bien por estar exenta por carga desproporcionada; o formular una queja por incumplimiento de los requisitos de accesibilidad.<\/p>\n\n\n\n<h2 class=\"wp-block-heading\">Contenido opcional<\/h2>\n\n\n\n<p>La versi\u00f3n actualmente visible de este sitio web es de Septiembre de 2023 y en esa fecha se hizo la revisi\u00f3n del nivel de accesibilidad vigente en aquel momento.<\/p>\n\n\n\n<p>A partir de dicha fecha se llevan a cabo revisiones mensuales diarias del contenido web nuevo o modificado, tanto de las plantillas como de las p\u00e1ginas y documentos finales publicados, a fin de asegurar el cumplimiento de los requerimientos de accesibilidad de la Norma UNE-EN 301549:2019, considerando las excepciones del Real Decreto 1112\/2018, de 7 de septiembre.<\/p>\n\n\n\n<p>Entre otras se adoptan las siguientes medidas para facilitar la accesibilidad:<\/p>\n\n\n\n<ul class=\"wp-block-list\">\n<li>Utilizaci\u00f3n de texto alternativo en las im\u00e1genes<\/li>\n\n\n\n<li>Los enlaces ofrecen detalles de la funci\u00f3n o destino del hiperv\u00ednculo<\/li>\n<\/ul>\n","protected":false},"excerpt":{"rendered":"<p>EL CLUB DE LA MODA POSITIVA se ha comprometido a hacer accesibles sus sitios web de conformidad con el&nbsp;Real Decreto 1112\/2018, de 7 de septiembre, sobre accesibilidad de los sitios web y aplicaciones para dispositivos m\u00f3viles del sector p\u00fablico (en adelante, Real Decreto 1112\/2018, de 7 de septiembre). La presente declaraci\u00f3n de accesibilidad se aplica [&hellip;]<\/p>\n","protected":false},"author":1,"featured_media":0,"parent":0,"menu_order":0,"comment_status":"closed","ping_status":"closed","template":"","meta":{"footnotes":""},"class_list":["post-2299","page","type-page","status-publish","hentry"],"yoast_head":"<!-- This site is optimized with the Yoast SEO plugin v27.4 - https:\/\/yoast.com\/product\/yoast-seo-wordpress\/ -->\n<title>Declaraci\u00f3n de Accesibilidad - El Club de la Moda Positiva<\/title>\n<meta name=\"robots\" content=\"noindex, nofollow\" \/>\n<meta property=\"og:locale\" content=\"es_ES\" \/>\n<meta property=\"og:type\" content=\"article\" \/>\n<meta property=\"og:title\" content=\"Declaraci\u00f3n de Accesibilidad - El Club de la Moda Positiva\" \/>\n<meta property=\"og:description\" content=\"EL CLUB DE LA MODA POSITIVA se ha comprometido a hacer accesibles sus sitios web de conformidad con el&nbsp;Real Decreto 1112\/2018, de 7 de septiembre, sobre accesibilidad de los sitios web y aplicaciones para dispositivos m\u00f3viles del sector p\u00fablico (en adelante, Real Decreto 1112\/2018, de 7 de septiembre). La presente declaraci\u00f3n de accesibilidad se aplica [&hellip;]\" \/>\n<meta property=\"og:url\" content=\"https:\/\/thepositivefashionclub.com\/es\/declaracion-de-accesibilidad\/\" \/>\n<meta property=\"og:site_name\" content=\"El Club de la Moda Positiva\" \/>\n<meta property=\"article:publisher\" content=\"https:\/\/www.facebook.com\/elclubdelamodapositiva\" \/>\n<meta property=\"article:modified_time\" content=\"2024-07-18T10:17:42+00:00\" \/>\n<meta name=\"twitter:card\" content=\"summary_large_image\" \/>\n<meta name=\"twitter:label1\" content=\"Tiempo de lectura\" \/>\n\t<meta name=\"twitter:data1\" content=\"3 minutos\" \/>\n<script type=\"application\/ld+json\" class=\"yoast-schema-graph\">{\"@context\":\"https:\\\/\\\/schema.org\",\"@graph\":[{\"@type\":\"WebPage\",\"@id\":\"https:\\\/\\\/thepositivefashionclub.com\\\/es\\\/declaracion-de-accesibilidad\\\/\",\"url\":\"https:\\\/\\\/thepositivefashionclub.com\\\/es\\\/declaracion-de-accesibilidad\\\/\",\"name\":\"Declaraci\u00f3n de Accesibilidad - El Club de la Moda Positiva\",\"isPartOf\":{\"@id\":\"https:\\\/\\\/thepositivefashionclub.com\\\/es\\\/#website\"},\"datePublished\":\"2023-09-20T06:52:13+00:00\",\"dateModified\":\"2024-07-18T10:17:42+00:00\",\"breadcrumb\":{\"@id\":\"https:\\\/\\\/thepositivefashionclub.com\\\/es\\\/declaracion-de-accesibilidad\\\/#breadcrumb\"},\"inLanguage\":\"es\",\"potentialAction\":[{\"@type\":\"ReadAction\",\"target\":[\"https:\\\/\\\/thepositivefashionclub.com\\\/es\\\/declaracion-de-accesibilidad\\\/\"]}]},{\"@type\":\"BreadcrumbList\",\"@id\":\"https:\\\/\\\/thepositivefashionclub.com\\\/es\\\/declaracion-de-accesibilidad\\\/#breadcrumb\",\"itemListElement\":[{\"@type\":\"ListItem\",\"position\":1,\"name\":\"Portada\",\"item\":\"https:\\\/\\\/thepositivefashionclub.com\\\/es\\\/\"},{\"@type\":\"ListItem\",\"position\":2,\"name\":\"Declaraci\u00f3n de Accesibilidad\"}]},{\"@type\":\"WebSite\",\"@id\":\"https:\\\/\\\/thepositivefashionclub.com\\\/es\\\/#website\",\"url\":\"https:\\\/\\\/thepositivefashionclub.com\\\/es\\\/\",\"name\":\"El Club de la Moda Positiva\",\"description\":\"\",\"publisher\":{\"@id\":\"https:\\\/\\\/thepositivefashionclub.com\\\/es\\\/#organization\"},\"potentialAction\":[{\"@type\":\"SearchAction\",\"target\":{\"@type\":\"EntryPoint\",\"urlTemplate\":\"https:\\\/\\\/thepositivefashionclub.com\\\/es\\\/?s={search_term_string}\"},\"query-input\":{\"@type\":\"PropertyValueSpecification\",\"valueRequired\":true,\"valueName\":\"search_term_string\"}}],\"inLanguage\":\"es\"},{\"@type\":\"Organization\",\"@id\":\"https:\\\/\\\/thepositivefashionclub.com\\\/es\\\/#organization\",\"name\":\"El Club de la Moda Positiva\",\"url\":\"https:\\\/\\\/thepositivefashionclub.com\\\/es\\\/\",\"logo\":{\"@type\":\"ImageObject\",\"inLanguage\":\"es\",\"@id\":\"https:\\\/\\\/thepositivefashionclub.com\\\/es\\\/#\\\/schema\\\/logo\\\/image\\\/\",\"url\":\"https:\\\/\\\/thepositivefashionclub.com\\\/wp-content\\\/uploads\\\/2024\\\/10\\\/cropped-logo-PFC-e1730203443817.jpg\",\"contentUrl\":\"https:\\\/\\\/thepositivefashionclub.com\\\/wp-content\\\/uploads\\\/2024\\\/10\\\/cropped-logo-PFC-e1730203443817.jpg\",\"width\":300,\"height\":303,\"caption\":\"El Club de la Moda Positiva\"},\"image\":{\"@id\":\"https:\\\/\\\/thepositivefashionclub.com\\\/es\\\/#\\\/schema\\\/logo\\\/image\\\/\"},\"sameAs\":[\"https:\\\/\\\/www.facebook.com\\\/elclubdelamodapositiva\",\"https:\\\/\\\/www.instagram.com\\\/elclubdelamodapositiva\\\/\",\"https:\\\/\\\/www.linkedin.com\\\/company\\\/el-club-de-la-moda-positiva\\\/\",\"https:\\\/\\\/www.youtube.com\\\/@elclubdelamodapositiva7328\"]}]}<\/script>\n<!-- \/ Yoast SEO plugin. -->","yoast_head_json":{"title":"Declaraci\u00f3n de Accesibilidad - El Club de la Moda Positiva","robots":{"index":"noindex","follow":"nofollow"},"og_locale":"es_ES","og_type":"article","og_title":"Declaraci\u00f3n de Accesibilidad - El Club de la Moda Positiva","og_description":"EL CLUB DE LA MODA POSITIVA se ha comprometido a hacer accesibles sus sitios web de conformidad con el&nbsp;Real Decreto 1112\/2018, de 7 de septiembre, sobre accesibilidad de los sitios web y aplicaciones para dispositivos m\u00f3viles del sector p\u00fablico (en adelante, Real Decreto 1112\/2018, de 7 de septiembre). La presente declaraci\u00f3n de accesibilidad se aplica [&hellip;]","og_url":"https:\/\/thepositivefashionclub.com\/es\/declaracion-de-accesibilidad\/","og_site_name":"El Club de la Moda Positiva","article_publisher":"https:\/\/www.facebook.com\/elclubdelamodapositiva","article_modified_time":"2024-07-18T10:17:42+00:00","twitter_card":"summary_large_image","twitter_misc":{"Tiempo de lectura":"3 minutos"},"schema":{"@context":"https:\/\/schema.org","@graph":[{"@type":"WebPage","@id":"https:\/\/thepositivefashionclub.com\/es\/declaracion-de-accesibilidad\/","url":"https:\/\/thepositivefashionclub.com\/es\/declaracion-de-accesibilidad\/","name":"Declaraci\u00f3n de Accesibilidad - El Club de la Moda Positiva","isPartOf":{"@id":"https:\/\/thepositivefashionclub.com\/es\/#website"},"datePublished":"2023-09-20T06:52:13+00:00","dateModified":"2024-07-18T10:17:42+00:00","breadcrumb":{"@id":"https:\/\/thepositivefashionclub.com\/es\/declaracion-de-accesibilidad\/#breadcrumb"},"inLanguage":"es","potentialAction":[{"@type":"ReadAction","target":["https:\/\/thepositivefashionclub.com\/es\/declaracion-de-accesibilidad\/"]}]},{"@type":"BreadcrumbList","@id":"https:\/\/thepositivefashionclub.com\/es\/declaracion-de-accesibilidad\/#breadcrumb","itemListElement":[{"@type":"ListItem","position":1,"name":"Portada","item":"https:\/\/thepositivefashionclub.com\/es\/"},{"@type":"ListItem","position":2,"name":"Declaraci\u00f3n de Accesibilidad"}]},{"@type":"WebSite","@id":"https:\/\/thepositivefashionclub.com\/es\/#website","url":"https:\/\/thepositivefashionclub.com\/es\/","name":"El Club de la Moda Positiva","description":"","publisher":{"@id":"https:\/\/thepositivefashionclub.com\/es\/#organization"},"potentialAction":[{"@type":"SearchAction","target":{"@type":"EntryPoint","urlTemplate":"https:\/\/thepositivefashionclub.com\/es\/?s={search_term_string}"},"query-input":{"@type":"PropertyValueSpecification","valueRequired":true,"valueName":"search_term_string"}}],"inLanguage":"es"},{"@type":"Organization","@id":"https:\/\/thepositivefashionclub.com\/es\/#organization","name":"El Club de la Moda Positiva","url":"https:\/\/thepositivefashionclub.com\/es\/","logo":{"@type":"ImageObject","inLanguage":"es","@id":"https:\/\/thepositivefashionclub.com\/es\/#\/schema\/logo\/image\/","url":"https:\/\/thepositivefashionclub.com\/wp-content\/uploads\/2024\/10\/cropped-logo-PFC-e1730203443817.jpg","contentUrl":"https:\/\/thepositivefashionclub.com\/wp-content\/uploads\/2024\/10\/cropped-logo-PFC-e1730203443817.jpg","width":300,"height":303,"caption":"El Club de la Moda Positiva"},"image":{"@id":"https:\/\/thepositivefashionclub.com\/es\/#\/schema\/logo\/image\/"},"sameAs":["https:\/\/www.facebook.com\/elclubdelamodapositiva","https:\/\/www.instagram.com\/elclubdelamodapositiva\/","https:\/\/www.linkedin.com\/company\/el-club-de-la-moda-positiva\/","https:\/\/www.youtube.com\/@elclubdelamodapositiva7328"]}]}},"_links":{"self":[{"href":"https:\/\/thepositivefashionclub.com\/es\/wp-json\/wp\/v2\/pages\/2299","targetHints":{"allow":["GET"]}}],"collection":[{"href":"https:\/\/thepositivefashionclub.com\/es\/wp-json\/wp\/v2\/pages"}],"about":[{"href":"https:\/\/thepositivefashionclub.com\/es\/wp-json\/wp\/v2\/types\/page"}],"author":[{"embeddable":true,"href":"https:\/\/thepositivefashionclub.com\/es\/wp-json\/wp\/v2\/users\/1"}],"replies":[{"embeddable":true,"href":"https:\/\/thepositivefashionclub.com\/es\/wp-json\/wp\/v2\/comments?post=2299"}],"version-history":[{"count":5,"href":"https:\/\/thepositivefashionclub.com\/es\/wp-json\/wp\/v2\/pages\/2299\/revisions"}],"predecessor-version":[{"id":4009,"href":"https:\/\/thepositivefashionclub.com\/es\/wp-json\/wp\/v2\/pages\/2299\/revisions\/4009"}],"wp:attachment":[{"href":"https:\/\/thepositivefashionclub.com\/es\/wp-json\/wp\/v2\/media?parent=2299"}],"curies":[{"name":"wp","href":"https:\/\/api.w.org\/{rel}","templated":true}]}}